{"id":57,"date":"2022-01-05T17:42:37","date_gmt":"2022-01-05T16:42:37","guid":{"rendered":"http:\/\/new.exindex.hu\/?page_id=57"},"modified":"2024-12-20T19:33:39","modified_gmt":"2024-12-20T18:33:39","slug":"impresszum","status":"publish","type":"page","link":"https:\/\/exindex.hu\/en\/impresszum\/","title":{"rendered":"imprint"},"content":{"rendered":"<p><img loading=\"lazy\" decoding=\"async\" class=\"alignright size-full wp-image-2021688\" src=\"https:\/\/exindex.hu\/wp-content\/uploads\/xndx01_271x100.gif\" alt=\"\" width=\"271\" height=\"100\" \/><\/p>\r\n<p>&nbsp;<\/p>\r\n<p>&nbsp;<\/p>\r\n<p>&nbsp;<\/p>\r\n<p>&nbsp;<\/p>\r\n<p><strong>exindex<br \/>\r\n<\/strong>Contemporary Art Magazine<\/p>\r\n<p>e-mail: exindex at c3 dot hu<br \/>\r\nmail: Hermina \u00fat 22. Budapest, Hungary, 1146<br \/>\r\ntel.: (+36 1) 488 7070<\/p>\r\n<p>Editor in chief: Bal\u00e1zs Be\u00f6thy\u00a0<br \/>\r\nEarlier editors: Nikolett Er\u0151ss, J\u00f3zsef M\u00e9lyi\u00a0<br \/>\r\nWeb: Andr\u00e1s Sz\u0151nyi, Istv\u00e1n Pecseny\u00e1nszky<br \/>\r\nDesign: Barba<span style=\"color: #999999;\">ra<\/span>\u00a0Kecsk\u00e9s<br \/>\r\nFounders: Mikl\u00f3s Petern\u00e1k, J\u00f3zsef M\u00e9lyi<\/p>\r\n<p>Publisher: <a href=\"http:\/\/www.c3.hu\/\" target=\"_blank\" rel=\"noopener\">C3<\/a><\/p>\r\n<p><br \/>\r\nTerms and conditions:<br \/>\r\n<a title=\"Nevezd meg! - Ne add el! - \u00cdgy add tov\u00e1bb! 2.5 Magyarorsz\u00e1g (CC BY-NC-SA 2.5 HU)\" href=\"https:\/\/creativecommons.org\/licenses\/by-nc-sa\/2.5\/hu\/\" target=\"_blank\" rel=\"noopener\"><img loading=\"lazy\" decoding=\"async\" class=\"alignnone wp-image-2021824 size-full\" src=\"https:\/\/exindex.hu\/wp-content\/uploads\/cc_icon_white_x2_ff.png\" alt=\"\" width=\"35\" height=\"35\" \/>\u00a0 <img loading=\"lazy\" decoding=\"async\" class=\"size-full wp-image-2021823 alignnone\" src=\"https:\/\/exindex.hu\/wp-content\/uploads\/attribution_icon_white_x2_ff.png\" alt=\"\" width=\"35\" height=\"35\" \/>\u00a0 <img loading=\"lazy\" decoding=\"async\" class=\"size-medium wp-image-2021825 alignnone\" src=\"https:\/\/exindex.hu\/wp-content\/uploads\/nc_white_x2_ff.png\" alt=\"\" width=\"35\" height=\"35\" \/>\u00a0 <img loading=\"lazy\" decoding=\"async\" class=\"wp-image-2021826 alignnone\" src=\"https:\/\/exindex.hu\/wp-content\/uploads\/sa_white_x2_ff.png\" alt=\"\" width=\"35\" height=\"35\" \/><\/a><\/p>\r\n<p>&nbsp;<\/p>\r\n<p>Supported by:<br \/>\r\n<a title=\"Nemzeti Kultur\u00e1lis Alap\" href=\"https:\/\/www.nka.hu\/\" target=\"_blank\" rel=\"noopener\"><img loading=\"lazy\" decoding=\"async\" class=\"wp-image-2000148\" src=\"https:\/\/exindex.hu\/wp-content\/uploads\/images\/gfx\/nka_logo_sz_left.png\" alt=\"\" width=\"131\" height=\"100\" \/><\/a><\/p>","protected":false},"excerpt":{"rendered":"<p>&nbsp; &nbsp; &nbsp; &nbsp; exindex Contemporary Art Magazine e-mail: exindex at c3 dot hu mail: Hermina \u00fat 22. Budapest, Hungary, 1146 tel.: (+36 1) 488 7070 Editor in chief: Bal\u00e1zs Be\u00f6thy\u00a0 Earlier editors: Nikolett Er\u0151ss, J\u00f3zsef M\u00e9lyi\u00a0 Web: Andr\u00e1s Sz\u0151nyi, Istv\u00e1n Pecseny\u00e1nszky Design: Barbara\u00a0Kecsk\u00e9s Founders: Mikl\u00f3s Petern\u00e1k, J\u00f3zsef M\u00e9lyi Publisher: C3 Terms and conditions: \u00a0 [&hellip;]<\/p>\n","protected":false},"author":1,"featured_media":0,"parent":0,"menu_order":0,"comment_status":"closed","ping_status":"closed","template":"","meta":{"_acf_changed":false,"footnotes":""},"class_list":["post-57","page","type-page","status-publish","hentry"],"acf":[],"_links":{"self":[{"href":"https:\/\/exindex.hu\/en\/wp-json\/wp\/v2\/pages\/57","targetHints":{"allow":["GET"]}}],"collection":[{"href":"https:\/\/exindex.hu\/en\/wp-json\/wp\/v2\/pages"}],"about":[{"href":"https:\/\/exindex.hu\/en\/wp-json\/wp\/v2\/types\/page"}],"author":[{"embeddable":true,"href":"https:\/\/exindex.hu\/en\/wp-json\/wp\/v2\/users\/1"}],"replies":[{"embeddable":true,"href":"https:\/\/exindex.hu\/en\/wp-json\/wp\/v2\/comments?post=57"}],"version-history":[{"count":30,"href":"https:\/\/exindex.hu\/en\/wp-json\/wp\/v2\/pages\/57\/revisions"}],"predecessor-version":[{"id":2036812,"href":"https:\/\/exindex.hu\/en\/wp-json\/wp\/v2\/pages\/57\/revisions\/2036812"}],"wp:attachment":[{"href":"https:\/\/exindex.hu\/en\/wp-json\/wp\/v2\/media?parent=57"}],"curies":[{"name":"wp","href":"https:\/\/api.w.org\/{rel}","templated":true}]}}