{"id":57,"date":"2022-01-05T17:42:37","date_gmt":"2022-01-05T16:42:37","guid":{"rendered":"http:\/\/new.exindex.hu\/?page_id=57"},"modified":"2024-12-20T19:33:39","modified_gmt":"2024-12-20T18:33:39","slug":"impresszum","status":"publish","type":"page","link":"https:\/\/exindex.hu\/hu\/impresszum\/","title":{"rendered":"impresszum"},"content":{"rendered":"<p><img loading=\"lazy\" decoding=\"async\" class=\"alignright size-full wp-image-2021688\" src=\"https:\/\/exindex.hu\/wp-content\/uploads\/xndx01_271x100.gif\" alt=\"\" width=\"271\" height=\"100\" \/><\/p>\r\n<p>&nbsp;<\/p>\r\n<p>&nbsp;<\/p>\r\n<p>&nbsp;<\/p>\r\n<p>&nbsp;<\/p>\r\n<p>exindex<br \/>\r\nk\u00e9pz\u0151m\u0171v\u00e9szeti foly\u00f3irat<\/p>\r\n<p><br \/>\r\n<a href=\"mailto:exindex@c3.hu\">exindex@c3.hu<\/a><br \/>\r\n1146 Budapest, Hermina \u00fat 22.<br \/>\r\n(+36 1) 488 7070<\/p>\r\n<p><br \/>\r\nFelel\u0151s szerkeszt\u0151: Be\u00f6thy Bal\u00e1zs<br \/>\r\nKor\u00e1bbi szerkeszt\u0151k: Er\u0151ss Nikolett, M\u00e9lyi J\u00f3zsef<br \/>\r\nWeb: Sz\u0151nyi Andr\u00e1s, Pecseny\u00e1nszky Istv\u00e1n<br \/>\r\nDesign: Kecsk\u00e9s Barba<span style=\"color: #999999;\">ra<\/span><br \/>\r\nAlap\u00edt\u00f3k: Petern\u00e1k Mikl\u00f3s, M\u00e9lyi J\u00f3zsef<\/p>\r\n<p><br \/>\r\nKiad\u00f3: <a href=\"http:\/\/www.c3.hu\/\" target=\"_blank\" rel=\"noopener\">C3<\/a><\/p>\r\n<p><br \/>\r\nFelhaszn\u00e1l\u00e1si felt\u00e9telek:<br \/>\r\n<a title=\"Nevezd meg! - Ne add el! - \u00cdgy add tov\u00e1bb! 2.5 Magyarorsz\u00e1g (CC BY-NC-SA 2.5 HU)\" href=\"https:\/\/creativecommons.org\/licenses\/by-nc-sa\/2.5\/hu\/\" target=\"_blank\" rel=\"noopener\"><img loading=\"lazy\" decoding=\"async\" class=\"alignnone wp-image-2021824 size-full\" src=\"https:\/\/exindex.hu\/wp-content\/uploads\/cc_icon_white_x2_ff.png\" alt=\"\" width=\"35\" height=\"35\" \/>\u00a0 <img loading=\"lazy\" decoding=\"async\" class=\"size-full wp-image-2021823 alignnone\" src=\"https:\/\/exindex.hu\/wp-content\/uploads\/attribution_icon_white_x2_ff.png\" alt=\"\" width=\"35\" height=\"35\" \/>\u00a0 <img loading=\"lazy\" decoding=\"async\" class=\"size-medium wp-image-2021825 alignnone\" src=\"https:\/\/exindex.hu\/wp-content\/uploads\/nc_white_x2_ff.png\" alt=\"\" width=\"35\" height=\"35\" \/>\u00a0 <img loading=\"lazy\" decoding=\"async\" class=\"wp-image-2021826 alignnone\" src=\"https:\/\/exindex.hu\/wp-content\/uploads\/sa_white_x2_ff.png\" alt=\"\" width=\"35\" height=\"35\" \/><\/a><\/p>\r\n<p>&nbsp;<\/p>\r\n<p>T\u00e1mogat\u00f3:<br \/>\r\n<a href=\"https:\/\/nka.hu\/\" target=\"_blank\" rel=\"noopener\"><img loading=\"lazy\" decoding=\"async\" class=\"alignleft wp-image-2036803\" src=\"https:\/\/exindex.hu\/wp-content\/uploads\/nka_2023ff.jpg\" alt=\"\" width=\"307\" height=\"150\" srcset=\"https:\/\/exindex.hu\/wp-content\/uploads\/nka_2023ff.jpg 2000w, https:\/\/exindex.hu\/wp-content\/uploads\/nka_2023ff-360x176.jpg 360w, https:\/\/exindex.hu\/wp-content\/uploads\/nka_2023ff-1200x587.jpg 1200w, https:\/\/exindex.hu\/wp-content\/uploads\/nka_2023ff-768x376.jpg 768w, https:\/\/exindex.hu\/wp-content\/uploads\/nka_2023ff-1536x751.jpg 1536w\" sizes=\"auto, (max-width: 307px) 100vw, 307px\" \/><\/a><\/p>","protected":false},"excerpt":{"rendered":"<p>&nbsp; &nbsp; &nbsp; &nbsp; exindex k\u00e9pz\u0151m\u0171v\u00e9szeti foly\u00f3irat exindex@c3.hu 1146 Budapest, Hermina \u00fat 22. (+36 1) 488 7070 Felel\u0151s szerkeszt\u0151: Be\u00f6thy Bal\u00e1zs Kor\u00e1bbi szerkeszt\u0151k: Er\u0151ss Nikolett, M\u00e9lyi J\u00f3zsef Web: Sz\u0151nyi Andr\u00e1s, Pecseny\u00e1nszky Istv\u00e1n Design: Kecsk\u00e9s Barbara Alap\u00edt\u00f3k: Petern\u00e1k Mikl\u00f3s, M\u00e9lyi J\u00f3zsef Kiad\u00f3: C3 Felhaszn\u00e1l\u00e1si felt\u00e9telek: \u00a0 \u00a0 \u00a0 &nbsp; T\u00e1mogat\u00f3:<\/p>\n","protected":false},"author":1,"featured_media":0,"parent":0,"menu_order":0,"comment_status":"closed","ping_status":"closed","template":"","meta":{"_acf_changed":false,"footnotes":""},"class_list":["post-57","page","type-page","status-publish","hentry"],"acf":[],"_links":{"self":[{"href":"https:\/\/exindex.hu\/hu\/wp-json\/wp\/v2\/pages\/57","targetHints":{"allow":["GET"]}}],"collection":[{"href":"https:\/\/exindex.hu\/hu\/wp-json\/wp\/v2\/pages"}],"about":[{"href":"https:\/\/exindex.hu\/hu\/wp-json\/wp\/v2\/types\/page"}],"author":[{"embeddable":true,"href":"https:\/\/exindex.hu\/hu\/wp-json\/wp\/v2\/users\/1"}],"replies":[{"embeddable":true,"href":"https:\/\/exindex.hu\/hu\/wp-json\/wp\/v2\/comments?post=57"}],"version-history":[{"count":30,"href":"https:\/\/exindex.hu\/hu\/wp-json\/wp\/v2\/pages\/57\/revisions"}],"predecessor-version":[{"id":2036812,"href":"https:\/\/exindex.hu\/hu\/wp-json\/wp\/v2\/pages\/57\/revisions\/2036812"}],"wp:attachment":[{"href":"https:\/\/exindex.hu\/hu\/wp-json\/wp\/v2\/media?parent=57"}],"curies":[{"name":"wp","href":"https:\/\/api.w.org\/{rel}","templated":true}]}}