{"id":63,"date":"2022-01-05T17:55:18","date_gmt":"2022-01-05T16:55:18","guid":{"rendered":"http:\/\/new.exindex.hu\/?page_id=63"},"modified":"2024-06-27T12:18:17","modified_gmt":"2024-06-27T11:18:17","slug":"palyazatok","status":"publish","type":"page","link":"https:\/\/exindex.hu\/hu\/palyazatok\/","title":{"rendered":"p\u00e1ly\u00e1zatok"},"content":{"rendered":"<!-- p><a href=\"mailto:artinfo@c3.hu\"><strong> artinfo@c3.hu<\/strong><\/a><\/p>\r\n<p><br \/>\r\nA C3 moder\u00e1lt levelez\u00e9si list\u00e1ja<\/p>\r\n<p>Feliratkozni lehet weben kereszt\u00fcl: <a href=\"http:\/\/lists.c3.hu\/mailman\/listinfo\/artinfo\" target=\"_blank\" rel=\"noopener\">http:\/\/lists.c3.hu\/mailman\/listinfo\/artinfo<\/a>,<br \/>\r\nvagy e-mail k\u00fcld\u00e9s\u00e9vel az <a href=\"mailto:artinfo-request@lists.c3.hu?subject=subscribe\">artinfo-request@lists.c3.hu<\/a> c\u00edmre, a t\u00e1rgy megjel\u00f6l\u00e9se: <strong>subscribe<\/strong>.<\/p>\r\n<p>Artinfo arch\u00edvum:<br \/>\r\n<a href=\"http:\/\/lists.c3.hu\/pipermail\/artinfo\/\" target=\"_blank\" rel=\"noopener\">http:\/\/lists.c3.hu\/pipermail\/artinfo\/<\/a><\/p -->","protected":false},"excerpt":{"rendered":"","protected":false},"author":1,"featured_media":0,"parent":0,"menu_order":0,"comment_status":"closed","ping_status":"closed","template":"page-grants.php","meta":{"_acf_changed":false,"footnotes":""},"class_list":["post-63","page","type-page","status-publish","hentry"],"acf":[],"_links":{"self":[{"href":"https:\/\/exindex.hu\/hu\/wp-json\/wp\/v2\/pages\/63","targetHints":{"allow":["GET"]}}],"collection":[{"href":"https:\/\/exindex.hu\/hu\/wp-json\/wp\/v2\/pages"}],"about":[{"href":"https:\/\/exindex.hu\/hu\/wp-json\/wp\/v2\/types\/page"}],"author":[{"embeddable":true,"href":"https:\/\/exindex.hu\/hu\/wp-json\/wp\/v2\/users\/1"}],"replies":[{"embeddable":true,"href":"https:\/\/exindex.hu\/hu\/wp-json\/wp\/v2\/comments?post=63"}],"version-history":[{"count":9,"href":"https:\/\/exindex.hu\/hu\/wp-json\/wp\/v2\/pages\/63\/revisions"}],"predecessor-version":[{"id":2033237,"href":"https:\/\/exindex.hu\/hu\/wp-json\/wp\/v2\/pages\/63\/revisions\/2033237"}],"wp:attachment":[{"href":"https:\/\/exindex.hu\/hu\/wp-json\/wp\/v2\/media?parent=63"}],"curies":[{"name":"wp","href":"https:\/\/api.w.org\/{rel}","templated":true}]}}