{"id":85,"date":"2022-01-05T18:07:50","date_gmt":"2022-01-05T17:07:50","guid":{"rendered":"http:\/\/new.exindex.hu\/?page_id=85"},"modified":"2022-04-14T22:28:22","modified_gmt":"2022-04-14T21:28:22","slug":"kiallitohelyek","status":"publish","type":"page","link":"https:\/\/exindex.hu\/hu\/kiallitohelyek\/","title":{"rendered":"ki\u00e1ll\u00edt\u00f3helyek"},"content":{"rendered":"","protected":false},"excerpt":{"rendered":"","protected":false},"author":1,"featured_media":0,"parent":0,"menu_order":0,"comment_status":"closed","ping_status":"closed","template":"page-venues-all.php","meta":{"_acf_changed":false,"footnotes":""},"class_list":["post-85","page","type-page","status-publish","hentry"],"acf":[],"_links":{"self":[{"href":"https:\/\/exindex.hu\/hu\/wp-json\/wp\/v2\/pages\/85","targetHints":{"allow":["GET"]}}],"collection":[{"href":"https:\/\/exindex.hu\/hu\/wp-json\/wp\/v2\/pages"}],"about":[{"href":"https:\/\/exindex.hu\/hu\/wp-json\/wp\/v2\/types\/page"}],"author":[{"embeddable":true,"href":"https:\/\/exindex.hu\/hu\/wp-json\/wp\/v2\/users\/1"}],"replies":[{"embeddable":true,"href":"https:\/\/exindex.hu\/hu\/wp-json\/wp\/v2\/comments?post=85"}],"version-history":[{"count":3,"href":"https:\/\/exindex.hu\/hu\/wp-json\/wp\/v2\/pages\/85\/revisions"}],"predecessor-version":[{"id":2022224,"href":"https:\/\/exindex.hu\/hu\/wp-json\/wp\/v2\/pages\/85\/revisions\/2022224"}],"wp:attachment":[{"href":"https:\/\/exindex.hu\/hu\/wp-json\/wp\/v2\/media?parent=85"}],"curies":[{"name":"wp","href":"https:\/\/api.w.org\/{rel}","templated":true}]}}